{"id":7968,"date":"2020-04-11T08:36:29","date_gmt":"2020-04-11T08:36:29","guid":{"rendered":"https:\/\/themegavias.com\/wp\/indutri\/?page_id=7968"},"modified":"2025-10-08T14:29:40","modified_gmt":"2025-10-08T14:29:40","slug":"bloglar","status":"publish","type":"page","link":"https:\/\/keyplas.com\/en\/bloglar\/","title":{"rendered":"Blogs"},"content":{"rendered":"<div data-elementor-type=\"wp-page\" data-elementor-id=\"7968\" class=\"elementor elementor-7968\">\n\t\t\t\t\t\t<section class=\"elementor-section elementor-top-section elementor-element elementor-element-adc65de elementor-section-boxed elementor-section-height-default elementor-section-height-default\" data-id=\"adc65de\" data-element_type=\"section\" data-e-type=\"section\">\n\t\t\t\t\t\t<div class=\"elementor-container elementor-column-gap-default\">\n\t\t\t\t\t<div class=\"elementor-column elementor-col-100 elementor-top-column elementor-element elementor-element-474e27b top column-style-top\" data-id=\"474e27b\" data-element_type=\"column\" data-e-type=\"column\">\n\t\t\t<div class=\"elementor-widget-wrap elementor-element-populated\">\n\t\t\t\t\t\t<div class=\"elementor-element elementor-element-a83bab2 elementor-widget elementor-widget-gva-posts\" data-id=\"a83bab2\" data-element_type=\"widget\" data-e-type=\"widget\" data-widget_type=\"gva-posts.default\">\n\t\t\t\t<div class=\"elementor-widget-container\">\n\t\t\t\t\t<div class=\"gva-element-gva-posts gva-element\">  \r\n  <div class=\"gva-posts-grid clearfix gva-posts\">\r\n      <div class=\"gva-content-items\"> \r\n        <div class=\"lg-block-grid-3 md-block-grid-3 sm-block-grid-2 xs-block-grid-1 xx-block-grid-1\">\r\n          \r\n<div class=\"all genel  item-columns\">\r\n   <article id=\"post-11778\" class=\"post-11778 post type-post status-publish format-standard has-post-thumbnail hentry category-genel\">\r\n      <div class=\"post-block post-style-1\">\r\n         <div class=\"post-thumbnail\">\r\n            <a href=\"https:\/\/keyplas.com\/en\/2026\/02\/25\/abs-levha-nedir-ozellikleri\/\">\r\n               <img fetchpriority=\"high\" decoding=\"async\" width=\"600\" height=\"455\" src=\"https:\/\/keyplas.com\/wp-content\/uploads\/2026\/02\/Keyplas-ABS-Levha-Uretimi-600x455.webp\" class=\"attachment-post-thumbnail size-post-thumbnail wp-post-image\" alt=\"ABS Levha Nedir? \u00d6zellikleri, Kullan\u0131m Alanlar\u0131 ve Avantajlar\u0131\" \/>            <\/a>   \r\n         <\/div>   \r\n\r\n         <div class=\"entry-content\">\r\n            <div class=\"content-inner\">\r\n               <div class=\"entry-meta\">\r\n                  \r\n    <div class=\"meta-inline\"><span class=\"entry-date\">February 25, 2026<\/span><\/div>               <\/div> \r\n               <h2 class=\"entry-title\"><a href=\"https:\/\/keyplas.com\/en\/2026\/02\/25\/abs-levha-nedir-ozellikleri\/\" rel=\"bookmark\">ABS Levha Nedir? \u00d6zellikleri, Kullan\u0131m Alanlar\u0131 ve Avantajlar\u0131<\/a><\/h2>\r\n            <\/div>\r\n         <\/div>\r\n      <\/div>   \r\n   <\/article>   \r\n<\/div>\r\n\r\n  \r\n<div class=\"all genel  item-columns\">\r\n   <article id=\"post-11769\" class=\"post-11769 post type-post status-publish format-standard has-post-thumbnail hentry category-genel tag-abs-levha tag-abs-levha-ile-dayanikli-ve-estetik-cozumler tag-keyplas-abs-levha tag-keyplas-termoform tag-termoform-abs\">\r\n      <div class=\"post-block post-style-1\">\r\n         <div class=\"post-thumbnail\">\r\n            <a href=\"https:\/\/keyplas.com\/en\/2025\/11\/21\/abs-levha-ile-dayanikli-ve-estetik-cozumler\/\">\r\n               <img decoding=\"async\" width=\"600\" height=\"455\" src=\"https:\/\/keyplas.com\/wp-content\/uploads\/2025\/11\/abs-gas-cylinder-compartment-cover-caravan.png-600x455.png\" class=\"attachment-post-thumbnail size-post-thumbnail wp-post-image\" alt=\"ABS Levha ile Dayan\u0131kl\u0131 ve Estetik \u00c7\u00f6z\u00fcmler\" \/>            <\/a>   \r\n         <\/div>   \r\n\r\n         <div class=\"entry-content\">\r\n            <div class=\"content-inner\">\r\n               <div class=\"entry-meta\">\r\n                  \r\n    <div class=\"meta-inline\"><span class=\"entry-date\">November 21, 2025<\/span><span class=\"line\">-<\/span><span class=\"post-comment\">0 comments<\/span><\/div>               <\/div> \r\n               <h2 class=\"entry-title\"><a href=\"https:\/\/keyplas.com\/en\/2025\/11\/21\/abs-levha-ile-dayanikli-ve-estetik-cozumler\/\" rel=\"bookmark\">Durable and Aesthetic Solutions with ABS Sheet<\/a><\/h2>\r\n            <\/div>\r\n         <\/div>\r\n      <\/div>   \r\n   <\/article>   \r\n<\/div>\r\n\r\n  \r\n<div class=\"all genel  item-columns\">\r\n   <article id=\"post-11757\" class=\"post-11757 post type-post status-publish format-standard has-post-thumbnail hentry category-genel tag-abs-levha tag-abs-termoform-levha tag-beyaz-esya-plastikleri tag-karavan-parcalari tag-otomotiv-plastikleri tag-plastik-levha tag-termoform-levha tag-termoform-uretim tag-vakum-form\">\r\n      <div class=\"post-block post-style-1\">\r\n         <div class=\"post-thumbnail\">\r\n            <a href=\"https:\/\/keyplas.com\/en\/2025\/11\/14\/https-keyplas-com-abs-levha-nedir\/\">\r\n               <img decoding=\"async\" width=\"600\" height=\"455\" src=\"https:\/\/keyplas.com\/wp-content\/uploads\/2025\/11\/abs-termoform-levha-vakum-form-uretim-prosesi.jpg-600x455.png\" class=\"attachment-post-thumbnail size-post-thumbnail wp-post-image\" alt=\"ABS Levha Nedir? \u00d6zellikleri ve Kullan\u0131m Alanlar\u0131\" \/>            <\/a>   \r\n         <\/div>   \r\n\r\n         <div class=\"entry-content\">\r\n            <div class=\"content-inner\">\r\n               <div class=\"entry-meta\">\r\n                  \r\n    <div class=\"meta-inline\"><span class=\"entry-date\">November 14, 2025<\/span><span class=\"line\">-<\/span><span class=\"post-comment\">0 comments<\/span><\/div>               <\/div> \r\n               <h2 class=\"entry-title\"><a href=\"https:\/\/keyplas.com\/en\/2025\/11\/14\/https-keyplas-com-abs-levha-nedir\/\" rel=\"bookmark\">What is ABS Sheet? Its Properties and Areas of Use<\/a><\/h2>\r\n            <\/div>\r\n         <\/div>\r\n      <\/div>   \r\n   <\/article>   \r\n<\/div>\r\n\r\n  \r\n<div class=\"all genel  item-columns\">\r\n   <article id=\"post-11752\" class=\"post-11752 post type-post status-publish format-standard has-post-thumbnail hentry category-genel tag-abs tag-abs-levha tag-keyplas tag-pp tag-termoform\">\r\n      <div class=\"post-block post-style-1\">\r\n         <div class=\"post-thumbnail\">\r\n            <a href=\"https:\/\/keyplas.com\/en\/2025\/11\/04\/abs-pp-karsilastirmasi-termoform-levha\/\">\r\n               <img loading=\"lazy\" decoding=\"async\" width=\"600\" height=\"455\" src=\"https:\/\/keyplas.com\/wp-content\/uploads\/2025\/11\/abs-kiz-pp-t-600x455.png\" class=\"attachment-post-thumbnail size-post-thumbnail wp-post-image\" alt=\"Do\u011fru Levha Se\u00e7imi i\u00e7in ABS PP Kar\u015f\u0131la\u015ft\u0131rmas\u0131\" \/>            <\/a>   \r\n         <\/div>   \r\n\r\n         <div class=\"entry-content\">\r\n            <div class=\"content-inner\">\r\n               <div class=\"entry-meta\">\r\n                  \r\n    <div class=\"meta-inline\"><span class=\"entry-date\">November 4, 2025<\/span><span class=\"line\">-<\/span><span class=\"post-comment\">0 comments<\/span><\/div>               <\/div> \r\n               <h2 class=\"entry-title\"><a href=\"https:\/\/keyplas.com\/en\/2025\/11\/04\/abs-pp-karsilastirmasi-termoform-levha\/\" rel=\"bookmark\">ABS vs. PP Comparison for Choosing the Right Sheet<\/a><\/h2>\r\n            <\/div>\r\n         <\/div>\r\n      <\/div>   \r\n   <\/article>   \r\n<\/div>\r\n\r\n  \r\n<div class=\"all genel  item-columns\">\r\n   <article id=\"post-11730\" class=\"post-11730 post type-post status-publish format-standard has-post-thumbnail hentry category-genel tag-360-derece-uretim tag-abs-pmma tag-cnc-kesim tag-endustriyel-cozum tag-kalite-kontrol tag-keyplas tag-musteri-memnuniyeti tag-plastik-levha tag-surdurulebilir-uretim tag-termoform\">\r\n      <div class=\"post-block post-style-1\">\r\n         <div class=\"post-thumbnail\">\r\n            <a href=\"https:\/\/keyplas.com\/en\/2025\/10\/21\/https-keyplas-com-360-derece-uretim-yaklasimi\/\">\r\n               <img loading=\"lazy\" decoding=\"async\" width=\"600\" height=\"455\" src=\"https:\/\/keyplas.com\/wp-content\/uploads\/2025\/10\/21102025-1-600x455.png\" class=\"attachment-post-thumbnail size-post-thumbnail wp-post-image\" alt=\"360 Derece Yakla\u015f\u0131m ile Plastik \u00dcretiminde M\u00fckemmellik: Keyplas\u2019\u0131n B\u00fct\u00fcnsel \u00dcretim Felsefesi\" \/>            <\/a>   \r\n         <\/div>   \r\n\r\n         <div class=\"entry-content\">\r\n            <div class=\"content-inner\">\r\n               <div class=\"entry-meta\">\r\n                  \r\n    <div class=\"meta-inline\"><span class=\"entry-date\">October 21, 2025<\/span><span class=\"line\">-<\/span><span class=\"post-comment\">0 comments<\/span><\/div>               <\/div> \r\n               <h2 class=\"entry-title\"><a href=\"https:\/\/keyplas.com\/en\/2025\/10\/21\/https-keyplas-com-360-derece-uretim-yaklasimi\/\" rel=\"bookmark\">Excellence in Plastic Production with a 360-Degree Approach: Keyplas&#039; Holistic Production Philosophy<\/a><\/h2>\r\n            <\/div>\r\n         <\/div>\r\n      <\/div>   \r\n   <\/article>   \r\n<\/div>\r\n\r\n  \r\n<div class=\"all genel  item-columns\">\r\n   <article id=\"post-11727\" class=\"post-11727 post type-post status-publish format-standard has-post-thumbnail hentry category-genel tag-abs tag-keyplas tag-levha tag-pmma\">\r\n      <div class=\"post-block post-style-1\">\r\n         <div class=\"post-thumbnail\">\r\n            <a href=\"https:\/\/keyplas.com\/en\/2025\/10\/17\/https-keyplas-com-abs-levha-pmma-levha-kullanim-alanlari\/\">\r\n               <img loading=\"lazy\" decoding=\"async\" width=\"600\" height=\"455\" src=\"https:\/\/keyplas.com\/wp-content\/uploads\/2025\/10\/ABS-PMMA-600x455.png\" class=\"attachment-post-thumbnail size-post-thumbnail wp-post-image\" alt=\"ABS ve PMMA Levhalar\u0131n Fark\u0131 ve Kullan\u0131m Alanlar\u0131\" \/>            <\/a>   \r\n         <\/div>   \r\n\r\n         <div class=\"entry-content\">\r\n            <div class=\"content-inner\">\r\n               <div class=\"entry-meta\">\r\n                  \r\n    <div class=\"meta-inline\"><span class=\"entry-date\">October 17, 2025<\/span><span class=\"line\">-<\/span><span class=\"post-comment\">0 comments<\/span><\/div>               <\/div> \r\n               <h2 class=\"entry-title\"><a href=\"https:\/\/keyplas.com\/en\/2025\/10\/17\/https-keyplas-com-abs-levha-pmma-levha-kullanim-alanlari\/\" rel=\"bookmark\">Differences and Usage Areas of ABS and PMMA Sheets<\/a><\/h2>\r\n            <\/div>\r\n         <\/div>\r\n      <\/div>   \r\n   <\/article>   \r\n<\/div>\r\n\r\n          <\/div>\r\n      <\/div>\r\n                <div class=\"pagination\">\r\n              <div class=\"column one pager_wrapper\"><div class=\"pager\"><div class=\"paginations\"><a href=\"https:\/\/keyplas.com\/en\/wp-json\/wp\/v2\/pages\/7968\/\" class=\"page-item active\">1<\/a><a href=\"https:\/\/keyplas.com\/en\/wp-json\/wp\/v2\/pages\/7968\/page\/2\/\" class=\"page-item\">2<\/a><a href=\"https:\/\/keyplas.com\/en\/wp-json\/wp\/v2\/pages\/7968\/page\/3\/\" class=\"page-item\">3<\/a><a class=\"next_page\" href=\"https:\/\/keyplas.com\/en\/wp-json\/wp\/v2\/pages\/7968\/page\/2\/\"><i class=\"fas fa-chevron-right\"><\/i><\/a><\/div><\/div><\/div>\n          <\/div>\r\n        <\/div>\r\n  <\/div>\t\t\t\t<\/div>\n\t\t\t\t<\/div>\n\t\t\t\t\t<\/div>\n\t\t<\/div>\n\t\t\t\t\t<\/div>\n\t\t<\/section>\n\t\t\t\t<\/div>","protected":false},"excerpt":{"rendered":"<p>Ekim 8, 2025-yorum ABS Levha Kullan\u0131m Alanlar\u0131 ve Avantajlar\u0131 | Keyplas Eyl\u00fcl 24, 2025-yorum Medikal Sekt\u00f6r\u00fcnde Plastik Levhalar\u0131n \u00d6nemi: Hijyen, Dayan\u0131kl\u0131l\u0131k ve Yenilik\u00e7i \u00c7\u00f6z\u00fcmler Eyl\u00fcl 23, 2025-yorum Otomotiv Sekt\u00f6r\u00fcnde Plastik [&hellip;]<\/p>","protected":false},"author":1,"featured_media":0,"parent":0,"menu_order":0,"comment_status":"closed","ping_status":"closed","template":"","meta":{"footnotes":""},"class_list":["post-7968","page","type-page","status-publish","hentry"],"_links":{"self":[{"href":"https:\/\/keyplas.com\/en\/wp-json\/wp\/v2\/pages\/7968","targetHints":{"allow":["GET"]}}],"collection":[{"href":"https:\/\/keyplas.com\/en\/wp-json\/wp\/v2\/pages"}],"about":[{"href":"https:\/\/keyplas.com\/en\/wp-json\/wp\/v2\/types\/page"}],"author":[{"embeddable":true,"href":"https:\/\/keyplas.com\/en\/wp-json\/wp\/v2\/users\/1"}],"replies":[{"embeddable":true,"href":"https:\/\/keyplas.com\/en\/wp-json\/wp\/v2\/comments?post=7968"}],"version-history":[{"count":4,"href":"https:\/\/keyplas.com\/en\/wp-json\/wp\/v2\/pages\/7968\/revisions"}],"predecessor-version":[{"id":11666,"href":"https:\/\/keyplas.com\/en\/wp-json\/wp\/v2\/pages\/7968\/revisions\/11666"}],"wp:attachment":[{"href":"https:\/\/keyplas.com\/en\/wp-json\/wp\/v2\/media?parent=7968"}],"curies":[{"name":"wp","href":"https:\/\/api.w.org\/{rel}","templated":true}]}}