{"id":612,"date":"2016-03-07T03:11:04","date_gmt":"2016-03-07T03:11:04","guid":{"rendered":"https:\/\/themegavias.com\/wp\/indutri\/?page_id=612"},"modified":"2025-09-30T00:15:46","modified_gmt":"2025-09-30T00:15:46","slug":"hakkimizda","status":"publish","type":"page","link":"https:\/\/keyplas.com\/en\/hakkimizda\/","title":{"rendered":"About Us"},"content":{"rendered":"<div data-elementor-type=\"wp-post\" data-elementor-id=\"612\" class=\"elementor elementor-612\">\n\t\t\t\t\t\t<section class=\"elementor-section elementor-top-section elementor-element elementor-element-1279549a elementor-section-boxed elementor-section-height-default elementor-section-height-default\" data-id=\"1279549a\" data-element_type=\"section\" data-e-type=\"section\">\n\t\t\t\t\t\t<div class=\"elementor-container elementor-column-gap-default\">\n\t\t\t\t\t<div class=\"elementor-column elementor-col-50 elementor-top-column elementor-element elementor-element-2d41672 top column-style-top\" data-id=\"2d41672\" data-element_type=\"column\" data-e-type=\"column\">\n\t\t\t<div class=\"elementor-widget-wrap elementor-element-populated\">\n\t\t\t\t\t\t<section class=\"elementor-section elementor-inner-section elementor-element elementor-element-3054b3dc elementor-section-boxed elementor-section-height-default elementor-section-height-default\" data-id=\"3054b3dc\" data-element_type=\"section\" data-e-type=\"section\">\n\t\t\t\t\t\t<div class=\"elementor-container elementor-column-gap-default\">\n\t\t\t\t\t<div class=\"elementor-column elementor-col-100 elementor-inner-column elementor-element elementor-element-61306f8a top column-style-top\" data-id=\"61306f8a\" data-element_type=\"column\" data-e-type=\"column\">\n\t\t\t<div class=\"elementor-widget-wrap elementor-element-populated\">\n\t\t\t\t\t\t<div class=\"elementor-element elementor-element-57ad4f9c elementor-widget elementor-widget-gva-heading-block\" data-id=\"57ad4f9c\" data-element_type=\"widget\" data-e-type=\"widget\" data-widget_type=\"gva-heading-block.default\">\n\t\t\t\t<div class=\"elementor-widget-container\">\n\t\t\t\t\t<div class=\"gva-element-gva-heading-block gva-element\">   <div class=\"align-left style-1 widget gsc-heading box-align-left\">\r\n      <div class=\"content-inner\">\r\n         \r\n                  \r\n           \r\n         \r\n                     <h2 class=\"title\">\r\n               <span>Your Leading Business Partner in Plastic Solutions<\/span>\r\n            <\/h2>\r\n                              <div class=\"title-desc\">Keyplas, leveraging years of accumulated knowledge and a modern production infrastructure, offers innovative plastic solutions tailored to the needs of critical industries such as automotive, medical, defense, bathrooms and bathtubs, and construction. Our extensive product range, including sheet, raw material, and thermoformed products, distinguishes us with their durability, functionality, and high-quality standards. We provide not only products but also added value to our customers&#039; projects. Our flexible production capacity, engineering support, and customer-focused approach ensure we are there for you every step of the way. As you grow your projects, we prioritize quality and trust, transforming our collaboration into a long-term partnership.<\/div>\r\n         \r\n         \r\n      <\/div>\r\n   <\/div>\r\n   <div class=\"clearfix\"><\/div>\r\n<\/div>\t\t\t\t<\/div>\n\t\t\t\t<\/div>\n\t\t\t\t\t<\/div>\n\t\t<\/div>\n\t\t\t\t\t<\/div>\n\t\t<\/section>\n\t\t\t\t<section class=\"elementor-section elementor-inner-section elementor-element elementor-element-678a3144 elementor-section-boxed elementor-section-height-default elementor-section-height-default\" data-id=\"678a3144\" data-element_type=\"section\" data-e-type=\"section\">\n\t\t\t\t\t\t<div class=\"elementor-container elementor-column-gap-default\">\n\t\t\t\t\t<div class=\"elementor-column elementor-col-100 elementor-inner-column elementor-element elementor-element-6f144718 top column-style-top\" data-id=\"6f144718\" data-element_type=\"column\" data-e-type=\"column\">\n\t\t\t<div class=\"elementor-widget-wrap elementor-element-populated\">\n\t\t\t\t\t\t<div class=\"elementor-element elementor-element-710bc28 elementor-widget elementor-widget-gva-heading-block\" data-id=\"710bc28\" data-element_type=\"widget\" data-e-type=\"widget\" data-widget_type=\"gva-heading-block.default\">\n\t\t\t\t<div class=\"elementor-widget-container\">\n\t\t\t\t\t<div class=\"gva-element-gva-heading-block gva-element\">   <div class=\"align-left style-1 widget gsc-heading box-align-left\">\r\n      <div class=\"content-inner\">\r\n         \r\n                  \r\n           \r\n         \r\n                     <h2 class=\"title\">\r\n               <span>Quality and Trust \u2013 The Foundation of Our Business\n\n<\/span>\r\n            <\/h2>\r\n                              <div class=\"title-desc\">We produce in accordance with international standards at every stage, aiming to maintain the highest level of customer satisfaction. Our high-tech machinery, expert team, and innovative approach make us stand out in the industry.<br>\nWhy Keyplas? Strong Production Infrastructure: High-capacity, modern facilities. Wide Product Range: Customized solutions for industry needs. Engineering and R&amp;D Support: Design and production tailored to specific projects. Quality-Focused Approach: Manufacturing processes that comply with ISO standards. Customer Satisfaction: Fast delivery, flexible solutions, and after-sales support. At Keyplas, we aim to be not just a supplier; we aim to be a reliable business partner. Your success is our top priority.<\/div>\r\n         \r\n         \r\n      <\/div>\r\n   <\/div>\r\n   <div class=\"clearfix\"><\/div>\r\n<\/div>\t\t\t\t<\/div>\n\t\t\t\t<\/div>\n\t\t\t\t\t<\/div>\n\t\t<\/div>\n\t\t\t\t\t<\/div>\n\t\t<\/section>\n\t\t\t\t\t<\/div>\n\t\t<\/div>\n\t\t\t\t<div class=\"elementor-column elementor-col-50 elementor-top-column elementor-element elementor-element-47c5cee9 top column-style-top\" data-id=\"47c5cee9\" data-element_type=\"column\" data-e-type=\"column\">\n\t\t\t<div class=\"elementor-widget-wrap elementor-element-populated\">\n\t\t\t\t\t\t<div class=\"elementor-element elementor-element-3b7c8567 arrow-top-left elementor-widget__width-auto elementor-widget elementor-widget-image\" data-id=\"3b7c8567\" data-element_type=\"widget\" data-e-type=\"widget\" data-widget_type=\"image.default\">\n\t\t\t\t\t\t\t\t\t\t\t\t\t\t\t<img fetchpriority=\"high\" decoding=\"async\" width=\"607\" height=\"910\" src=\"https:\/\/keyplas.com\/wp-content\/uploads\/2025\/09\/PHOTO-2025-09-23-11-38-45.jpg\" class=\"attachment-full size-full wp-image-11134\" alt=\"\" srcset=\"https:\/\/keyplas.com\/wp-content\/uploads\/2025\/09\/PHOTO-2025-09-23-11-38-45.jpg 607w, https:\/\/keyplas.com\/wp-content\/uploads\/2025\/09\/PHOTO-2025-09-23-11-38-45-600x900.jpg 600w\" sizes=\"(max-width: 607px) 100vw, 607px\" \/>\t\t\t\t\t\t\t\t\t\t\t\t\t\t\t<\/div>\n\t\t\t\t\t<\/div>\n\t\t<\/div>\n\t\t\t\t\t<\/div>\n\t\t<\/section>\n\t\t\t\t<section class=\"elementor-section elementor-top-section elementor-element elementor-element-295bce99 elementor-section-boxed elementor-section-height-default elementor-section-height-default arrow_1_x_top arrow_1_y_left arrow_2_x_bottom arrow_2_y_right\" data-id=\"295bce99\" data-element_type=\"section\" data-e-type=\"section\" data-settings=\"{&quot;background_background&quot;:&quot;classic&quot;}\">\n\t\t\t\t\t\t<div class=\"elementor-container elementor-column-gap-default\">\n\t\t\t\t\t<div class=\"elementor-column elementor-col-100 elementor-top-column elementor-element elementor-element-16f631fe top column-style-top\" data-id=\"16f631fe\" data-element_type=\"column\" data-e-type=\"column\">\n\t\t\t<div class=\"elementor-widget-wrap elementor-element-populated\">\n\t\t\t\t\t\t<div class=\"elementor-element elementor-element-605fca8a elementor-widget elementor-widget-gva-heading-block\" data-id=\"605fca8a\" data-element_type=\"widget\" data-e-type=\"widget\" data-widget_type=\"gva-heading-block.default\">\n\t\t\t\t<div class=\"elementor-widget-container\">\n\t\t\t\t\t<div class=\"gva-element-gva-heading-block gva-element\">   <div class=\"align-center style-1 widget gsc-heading box-align-left\">\r\n      <div class=\"content-inner\">\r\n         \r\n                  \r\n           \r\n         \r\n                     <h2 class=\"title\">\r\n               <span>A one-stop solution with a wide range of products<\/span>\r\n            <\/h2>\r\n                  \r\n         \r\n      <\/div>\r\n   <\/div>\r\n   <div class=\"clearfix\"><\/div>\r\n<\/div>\t\t\t\t<\/div>\n\t\t\t\t<\/div>\n\t\t\t\t\t<\/div>\n\t\t<\/div>\n\t\t\t\t\t<\/div>\n\t\t<\/section>\n\t\t\t\t<section class=\"elementor-section elementor-top-section elementor-element elementor-element-353a117 elementor-section-boxed elementor-section-height-default elementor-section-height-default\" data-id=\"353a117\" data-element_type=\"section\" data-e-type=\"section\" data-settings=\"{&quot;background_background&quot;:&quot;classic&quot;}\">\n\t\t\t\t\t\t<div class=\"elementor-container elementor-column-gap-default\">\n\t\t\t\t\t<div class=\"elementor-column elementor-col-100 elementor-top-column elementor-element elementor-element-1d56248a top column-style-top\" data-id=\"1d56248a\" data-element_type=\"column\" data-e-type=\"column\">\n\t\t\t<div class=\"elementor-widget-wrap elementor-element-populated\">\n\t\t\t\t\t\t<div class=\"elementor-element elementor-element-41c9c009 elementor-widget elementor-widget-gva-call-to-action\" data-id=\"41c9c009\" data-element_type=\"widget\" data-e-type=\"widget\" data-widget_type=\"gva-call-to-action.default\">\n\t\t\t\t<div class=\"elementor-widget-container\">\n\t\t\t\t\t<div class=\"gva-element-gva-call-to-action gva-element\">\r\n   <div class=\"button-right widget gsc-call-to-action\">\r\n      <div class=\"content-inner clearfix\" >\r\n         <div class=\"cta-content\">\r\n                           <h2 class=\"title\">\r\n                  <span>Durability and aesthetics together in your projects.<\/span>\r\n               <\/h2>\r\n                                             <\/div>\r\n                     <div class=\"button-action\">\r\n                       <a href=\"https:\/\/keyplas.com\/en\/iletisim\/\" class=\"btn-cta btn-theme-2\">\r\n          <span>Contact Us Now<\/span>\r\n        <\/a>\r\n\r\n                    <\/div>\r\n               <\/div>\r\n   <\/div>\r\n<\/div>\t\t\t\t<\/div>\n\t\t\t\t<\/div>\n\t\t\t\t\t<\/div>\n\t\t<\/div>\n\t\t\t\t\t<\/div>\n\t\t<\/section>\n\t\t\t\t<\/div>","protected":false},"excerpt":{"rendered":"<p>Plastik \u00c7\u00f6z\u00fcmlerinde Lider \u0130\u015f Orta\u011f\u0131n\u0131z Keyplas, y\u0131llard\u0131r edindi\u011fi bilgi birikimi ve modern \u00fcretim altyap\u0131s\u0131yla; otomotiv, medikal, savunma sanayi, banyo-k\u00fcvet ve in\u015faat gibi kritik sekt\u00f6rlerin ihtiya\u00e7lar\u0131na y\u00f6nelik yenilik\u00e7i plastik \u00e7\u00f6z\u00fcmleri sunar. [&hellip;]<\/p>","protected":false},"author":1,"featured_media":0,"parent":0,"menu_order":0,"comment_status":"closed","ping_status":"closed","template":"","meta":{"footnotes":""},"class_list":["post-612","page","type-page","status-publish","hentry"],"_links":{"self":[{"href":"https:\/\/keyplas.com\/en\/wp-json\/wp\/v2\/pages\/612","targetHints":{"allow":["GET"]}}],"collection":[{"href":"https:\/\/keyplas.com\/en\/wp-json\/wp\/v2\/pages"}],"about":[{"href":"https:\/\/keyplas.com\/en\/wp-json\/wp\/v2\/types\/page"}],"author":[{"embeddable":true,"href":"https:\/\/keyplas.com\/en\/wp-json\/wp\/v2\/users\/1"}],"replies":[{"embeddable":true,"href":"https:\/\/keyplas.com\/en\/wp-json\/wp\/v2\/comments?post=612"}],"version-history":[{"count":17,"href":"https:\/\/keyplas.com\/en\/wp-json\/wp\/v2\/pages\/612\/revisions"}],"predecessor-version":[{"id":11558,"href":"https:\/\/keyplas.com\/en\/wp-json\/wp\/v2\/pages\/612\/revisions\/11558"}],"wp:attachment":[{"href":"https:\/\/keyplas.com\/en\/wp-json\/wp\/v2\/media?parent=612"}],"curies":[{"name":"wp","href":"https:\/\/api.w.org\/{rel}","templated":true}]}}