{"id":11304,"date":"2025-09-25T11:36:48","date_gmt":"2025-09-25T11:36:48","guid":{"rendered":"https:\/\/keyplas.kakutema02.site\/?page_id=11304"},"modified":"2025-09-30T00:12:06","modified_gmt":"2025-09-30T00:12:06","slug":"kalite","status":"publish","type":"page","link":"https:\/\/keyplas.com\/en\/kalite\/","title":{"rendered":"Quality"},"content":{"rendered":"<div data-elementor-type=\"wp-post\" data-elementor-id=\"11304\" class=\"elementor elementor-11304\">\n\t\t\t\t\t\t<section class=\"elementor-section elementor-top-section elementor-element elementor-element-10d5c99 elementor-section-boxed elementor-section-height-default elementor-section-height-default\" data-id=\"10d5c99\" data-element_type=\"section\" data-e-type=\"section\">\n\t\t\t\t\t\t<div class=\"elementor-container elementor-column-gap-default\">\n\t\t\t\t\t<div class=\"elementor-column elementor-col-33 elementor-top-column elementor-element elementor-element-cdd8743 top column-style-top\" data-id=\"cdd8743\" data-element_type=\"column\" data-e-type=\"column\">\n\t\t\t<div class=\"elementor-widget-wrap elementor-element-populated\">\n\t\t\t\t\t\t<div class=\"elementor-element elementor-element-e71b655 elementor-widget elementor-widget-html\" data-id=\"e71b655\" data-element_type=\"widget\" data-e-type=\"widget\" data-widget_type=\"html.default\">\n\t\t\t\t\t<a href=\"https:\/\/keyplas.com\/wp-content\/uploads\/2025\/09\/KEYPLAS-ISO-45001_page-0001.jpg\" target=\"_blank\" rel=\"noopener\">\n    <img decoding=\"async\" src=\"https:\/\/keyplas.com\/wp-content\/uploads\/2025\/09\/KEYPLAS-ISO-45001_page-0001.jpg\" alt=\"ISO 9001:2015 Belgesi\">\n  <\/a>\t\t\t\t<\/div>\n\t\t\t\t\t<\/div>\n\t\t<\/div>\n\t\t\t\t<div class=\"elementor-column elementor-col-33 elementor-top-column elementor-element elementor-element-9ee4ec7 top column-style-top\" data-id=\"9ee4ec7\" data-element_type=\"column\" data-e-type=\"column\">\n\t\t\t<div class=\"elementor-widget-wrap elementor-element-populated\">\n\t\t\t\t\t\t<div class=\"elementor-element elementor-element-716883b elementor-widget elementor-widget-html\" data-id=\"716883b\" data-element_type=\"widget\" data-e-type=\"widget\" data-widget_type=\"html.default\">\n\t\t\t\t\t<a href=\"https:\/\/keyplas.com\/wp-content\/uploads\/2025\/09\/KEYPLAS-ISO-14001_page-0001.jpg\" target=\"_blank\" rel=\"noopener\">\n    <img decoding=\"async\" src=\"https:\/\/keyplas.com\/wp-content\/uploads\/2025\/09\/KEYPLAS-ISO-14001_page-0001.jpg\" alt=\"ISO 9001:2015 Belgesi\">\n  <\/a>\t\t\t\t<\/div>\n\t\t\t\t\t<\/div>\n\t\t<\/div>\n\t\t\t\t<div class=\"elementor-column elementor-col-33 elementor-top-column elementor-element elementor-element-5ec034a top column-style-top\" data-id=\"5ec034a\" data-element_type=\"column\" data-e-type=\"column\">\n\t\t\t<div class=\"elementor-widget-wrap elementor-element-populated\">\n\t\t\t\t\t\t<div class=\"elementor-element elementor-element-c1a4573 elementor-widget elementor-widget-html\" data-id=\"c1a4573\" data-element_type=\"widget\" data-e-type=\"widget\" data-widget_type=\"html.default\">\n\t\t\t\t\t<a href=\"https:\/\/keyplas.com\/wp-content\/uploads\/2025\/09\/KEYPLAS-ISO-9001_page-0001.jpg\" target=\"_blank\" rel=\"noopener\">\n    <img decoding=\"async\" src=\"https:\/\/keyplas.com\/wp-content\/uploads\/2025\/09\/KEYPLAS-ISO-9001_page-0001.jpg\" alt=\"ISO 9001:2015 Belgesi\">\n  <\/a>\t\t\t\t<\/div>\n\t\t\t\t\t<\/div>\n\t\t<\/div>\n\t\t\t\t\t<\/div>\n\t\t<\/section>\n\t\t\t\t<section class=\"elementor-section elementor-top-section elementor-element elementor-element-1279549a elementor-section-boxed elementor-section-height-default elementor-section-height-default\" data-id=\"1279549a\" data-element_type=\"section\" data-e-type=\"section\">\n\t\t\t\t\t\t<div class=\"elementor-container elementor-column-gap-default\">\n\t\t\t\t\t<div class=\"elementor-column elementor-col-100 elementor-top-column elementor-element elementor-element-2d41672 top column-style-top\" data-id=\"2d41672\" data-element_type=\"column\" data-e-type=\"column\">\n\t\t\t<div class=\"elementor-widget-wrap elementor-element-populated\">\n\t\t\t\t\t\t<section class=\"elementor-section elementor-inner-section elementor-element elementor-element-3054b3dc elementor-section-boxed elementor-section-height-default elementor-section-height-default\" data-id=\"3054b3dc\" data-element_type=\"section\" data-e-type=\"section\">\n\t\t\t\t\t\t<div class=\"elementor-container elementor-column-gap-default\">\n\t\t\t\t\t<div class=\"elementor-column elementor-col-100 elementor-inner-column elementor-element elementor-element-61306f8a top column-style-top\" data-id=\"61306f8a\" data-element_type=\"column\" data-e-type=\"column\">\n\t\t\t<div class=\"elementor-widget-wrap\">\n\t\t\t\t\t\t\t<\/div>\n\t\t<\/div>\n\t\t\t\t\t<\/div>\n\t\t<\/section>\n\t\t\t\t<section class=\"elementor-section elementor-inner-section elementor-element elementor-element-678a3144 elementor-section-boxed elementor-section-height-default elementor-section-height-default\" data-id=\"678a3144\" data-element_type=\"section\" data-e-type=\"section\">\n\t\t\t\t\t\t<div class=\"elementor-container elementor-column-gap-default\">\n\t\t\t\t\t<div class=\"elementor-column elementor-col-100 elementor-inner-column elementor-element elementor-element-6f144718 top column-style-top\" data-id=\"6f144718\" data-element_type=\"column\" data-e-type=\"column\">\n\t\t\t<div class=\"elementor-widget-wrap elementor-element-populated\">\n\t\t\t\t\t\t<div class=\"elementor-element elementor-element-710bc28 elementor-widget elementor-widget-gva-heading-block\" data-id=\"710bc28\" data-element_type=\"widget\" data-e-type=\"widget\" data-widget_type=\"gva-heading-block.default\">\n\t\t\t\t<div class=\"elementor-widget-container\">\n\t\t\t\t\t<div class=\"gva-element-gva-heading-block gva-element\">   <div class=\"align-left style-1 widget gsc-heading box-align-left\">\r\n      <div class=\"content-inner\">\r\n         \r\n                  \r\n           \r\n         \r\n                     <h2 class=\"title\">\r\n               <span>Quality and Trust \u2013 The Foundation of Our Business\n\n<\/span>\r\n            <\/h2>\r\n                              <div class=\"title-desc\">We produce in accordance with international standards at every stage, aiming to maintain the highest level of customer satisfaction. Our high-tech machinery, expert team, and innovative approach make us stand out in the industry.<br>\nWhy Keyplas? Strong Production Infrastructure: High-capacity, modern facilities. Wide Product Range: Customized solutions for industry needs. Engineering and R&amp;D Support: Design and production tailored to specific projects. Quality-Focused Approach: Manufacturing processes that comply with ISO standards. Customer Satisfaction: Fast delivery, flexible solutions, and after-sales support. At Keyplas, we aim to be not just a supplier; we aim to be a reliable business partner. Your success is our top priority.<\/div>\r\n         \r\n         \r\n      <\/div>\r\n   <\/div>\r\n   <div class=\"clearfix\"><\/div>\r\n<\/div>\t\t\t\t<\/div>\n\t\t\t\t<\/div>\n\t\t\t\t\t<\/div>\n\t\t<\/div>\n\t\t\t\t\t<\/div>\n\t\t<\/section>\n\t\t\t\t\t<\/div>\n\t\t<\/div>\n\t\t\t\t\t<\/div>\n\t\t<\/section>\n\t\t\t\t<section class=\"elementor-section elementor-top-section elementor-element elementor-element-353a117 elementor-section-boxed elementor-section-height-default elementor-section-height-default\" data-id=\"353a117\" data-element_type=\"section\" data-e-type=\"section\" data-settings=\"{&quot;background_background&quot;:&quot;classic&quot;}\">\n\t\t\t\t\t\t<div class=\"elementor-container elementor-column-gap-default\">\n\t\t\t\t\t<div class=\"elementor-column elementor-col-100 elementor-top-column elementor-element elementor-element-1d56248a top column-style-top\" data-id=\"1d56248a\" data-element_type=\"column\" data-e-type=\"column\">\n\t\t\t<div class=\"elementor-widget-wrap elementor-element-populated\">\n\t\t\t\t\t\t<div class=\"elementor-element elementor-element-41c9c009 elementor-widget elementor-widget-gva-call-to-action\" data-id=\"41c9c009\" data-element_type=\"widget\" data-e-type=\"widget\" data-widget_type=\"gva-call-to-action.default\">\n\t\t\t\t<div class=\"elementor-widget-container\">\n\t\t\t\t\t<div class=\"gva-element-gva-call-to-action gva-element\">\r\n   <div class=\"button-right widget gsc-call-to-action\">\r\n      <div class=\"content-inner clearfix\" >\r\n         <div class=\"cta-content\">\r\n                           <h2 class=\"title\">\r\n                  <span>Durability and aesthetics together in your projects.<\/span>\r\n               <\/h2>\r\n                                             <\/div>\r\n                     <div class=\"button-action\">\r\n                       <a href=\"https:\/\/keyplas.com\/en\/iletisim\/\" class=\"btn-cta btn-theme-2\">\r\n          <span>Contact Us Now<\/span>\r\n        <\/a>\r\n\r\n                    <\/div>\r\n               <\/div>\r\n   <\/div>\r\n<\/div>\t\t\t\t<\/div>\n\t\t\t\t<\/div>\n\t\t\t\t\t<\/div>\n\t\t<\/div>\n\t\t\t\t\t<\/div>\n\t\t<\/section>\n\t\t\t\t<section class=\"elementor-section elementor-top-section elementor-element elementor-element-586c2dd elementor-section-boxed elementor-section-height-default elementor-section-height-default\" data-id=\"586c2dd\" data-element_type=\"section\" data-e-type=\"section\">\n\t\t\t\t\t\t<div class=\"elementor-container elementor-column-gap-default\">\n\t\t\t\t\t<div class=\"elementor-column elementor-col-100 elementor-top-column elementor-element elementor-element-ce5a9d1 top column-style-top\" data-id=\"ce5a9d1\" data-element_type=\"column\" data-e-type=\"column\">\n\t\t\t<div class=\"elementor-widget-wrap\">\n\t\t\t\t\t\t\t<\/div>\n\t\t<\/div>\n\t\t\t\t\t<\/div>\n\t\t<\/section>\n\t\t\t\t<\/div>","protected":false},"excerpt":{"rendered":"<p>Kalite ve G\u00fcven \u2013 \u0130\u015fimizin Temeli Her ad\u0131mda uluslararas\u0131 standartlara uygun \u00fcretim ger\u00e7ekle\u015ftiriyor, m\u00fc\u015fteri memnuniyetini en \u00fcst seviyede tutmay\u0131 hedefliyoruz. \u0130leri teknolojiye sahip makinelerimiz, uzman ekibimiz ve yenilik\u00e7i bak\u0131\u015f a\u00e7\u0131m\u0131zla [&hellip;]<\/p>","protected":false},"author":1,"featured_media":0,"parent":0,"menu_order":0,"comment_status":"closed","ping_status":"closed","template":"","meta":{"footnotes":""},"class_list":["post-11304","page","type-page","status-publish","hentry"],"_links":{"self":[{"href":"https:\/\/keyplas.com\/en\/wp-json\/wp\/v2\/pages\/11304","targetHints":{"allow":["GET"]}}],"collection":[{"href":"https:\/\/keyplas.com\/en\/wp-json\/wp\/v2\/pages"}],"about":[{"href":"https:\/\/keyplas.com\/en\/wp-json\/wp\/v2\/types\/page"}],"author":[{"embeddable":true,"href":"https:\/\/keyplas.com\/en\/wp-json\/wp\/v2\/users\/1"}],"replies":[{"embeddable":true,"href":"https:\/\/keyplas.com\/en\/wp-json\/wp\/v2\/comments?post=11304"}],"version-history":[{"count":14,"href":"https:\/\/keyplas.com\/en\/wp-json\/wp\/v2\/pages\/11304\/revisions"}],"predecessor-version":[{"id":11560,"href":"https:\/\/keyplas.com\/en\/wp-json\/wp\/v2\/pages\/11304\/revisions\/11560"}],"wp:attachment":[{"href":"https:\/\/keyplas.com\/en\/wp-json\/wp\/v2\/media?parent=11304"}],"curies":[{"name":"wp","href":"https:\/\/api.w.org\/{rel}","templated":true}]}}